{"id":7715,"date":"2024-05-20T20:09:12","date_gmt":"2024-05-21T01:09:12","guid":{"rendered":"https:\/\/movilizatorio.org\/open-opportunities\/"},"modified":"2024-10-18T11:54:31","modified_gmt":"2024-10-18T16:54:31","slug":"open-opportunities","status":"publish","type":"page","link":"https:\/\/movilizatorio.org\/en\/open-opportunities\/","title":{"rendered":"Open opportunities"},"content":{"rendered":"\t\t<div data-elementor-type=\"wp-page\" data-elementor-id=\"7715\" class=\"elementor elementor-7715 elementor-1180\" data-elementor-post-type=\"page\">\n\t\t\t\t<div class=\"elementor-element elementor-element-9133b72 e-flex e-con-boxed e-con e-parent\" data-id=\"9133b72\" data-element_type=\"container\" data-settings=\"{&quot;background_background&quot;:&quot;classic&quot;,&quot;background_motion_fx_motion_fx_mouse&quot;:&quot;yes&quot;,&quot;background_motion_fx_mouseTrack_effect&quot;:&quot;yes&quot;,&quot;background_motion_fx_mouseTrack_speed&quot;:{&quot;unit&quot;:&quot;px&quot;,&quot;size&quot;:0.1,&quot;sizes&quot;:[]}}\">\n\t\t\t\t\t<div class=\"e-con-inner\">\n\t\t<div class=\"elementor-element elementor-element-084a646 e-con-full e-flex e-con e-child\" data-id=\"084a646\" data-element_type=\"container\">\n\t\t\t\t<div class=\"elementor-element elementor-element-8e51f42 elementor-widget__width-initial elementor-widget elementor-widget-heading\" data-id=\"8e51f42\" data-element_type=\"widget\" data-widget_type=\"heading.default\">\n\t\t\t\t<div class=\"elementor-widget-container\">\n\t\t\t<h2 class=\"elementor-heading-title elementor-size-default\">Open opportunities<\/h2>\t\t<\/div>\n\t\t\t\t<\/div>\n\t\t\t\t<div class=\"elementor-element elementor-element-9f63ee3 elementor-widget__width-initial elementor-widget elementor-widget-heading\" data-id=\"9f63ee3\" data-element_type=\"widget\" data-widget_type=\"heading.default\">\n\t\t\t\t<div class=\"elementor-widget-container\">\n\t\t\t<h2 class=\"elementor-heading-title elementor-size-default\">Be part of the place where brave and brilliant ideas become reality.<\/h2>\t\t<\/div>\n\t\t\t\t<\/div>\n\t\t\t\t<\/div>\n\t\t\t\t\t<\/div>\n\t\t\t\t<\/div>\n\t\t<div class=\"elementor-element elementor-element-5ad94e6 e-flex e-con-boxed e-con e-parent\" data-id=\"5ad94e6\" data-element_type=\"container\">\n\t\t\t\t\t<div class=\"e-con-inner\">\n\t\t\t\t<div class=\"elementor-element elementor-element-1e401f2 elementor-widget elementor-widget-heading\" data-id=\"1e401f2\" data-element_type=\"widget\" data-widget_type=\"heading.default\">\n\t\t\t\t<div class=\"elementor-widget-container\">\n\t\t\t<h2 class=\"elementor-heading-title elementor-size-default\">#TrabajoS\u00edHay<\/h2>\t\t<\/div>\n\t\t\t\t<\/div>\n\t\t\t\t<div class=\"elementor-element elementor-element-4e4aa1a jet-smart-filter-group-position-line jet-smart-filter-content-position-column elementor-widget elementor-widget-jet-smart-filters-select\" data-id=\"4e4aa1a\" data-element_type=\"widget\" data-widget_type=\"jet-smart-filters-select.default\">\n\t\t\t\t<div class=\"elementor-widget-container\">\n\t\t\t<div class=\"jet-filters-group\"><div class=\"jet-smart-filters-select jet-filter \" data-indexer-rule=\"show\" data-show-counter=\"\" data-change-counter=\"always\"><div class=\"jet-filter-label\">Location<\/div>\n<div class=\"jet-select\" data-query-type=\"tax_query\" data-query-var=\"category\" data-smart-filter=\"select\" data-filter-id=\"7832\" data-apply-type=\"ajax-reload\" data-content-provider=\"epro-loop-builder\" data-additional-providers=\"\" data-query-id=\"default\" data-active-label=\"Location\" data-layout-options=\"{&quot;show_label&quot;:true,&quot;display_options&quot;:{&quot;show_items_label&quot;:false,&quot;show_decorator&quot;:false,&quot;filter_image_size&quot;:&quot;full&quot;,&quot;show_counter&quot;:false}}\" data-query-var-suffix=\"\">\n\t\t\t\t<select\n\t\t\tclass=\"jet-select__control\"\n\t\t\tname=\"category\"\n\t\t\t\t\t\taria-label=\"Location\"\n\t\t>\n\t\t\n\t\t\t\t\t<option\n\t\t\t\tvalue=\"\"\n\t\t\t\tdata-label=\"Select\"\n\t\t\t\tdata-counter-prefix=\"\"\n\t\t\t\tdata-counter-suffix=\"\"\n\t\t\t\t\t\t\t>Select<\/option>\n\t\t\t\t\t\t<option\n\t\t\t\tvalue=\"90\"\n\t\t\t\tdata-label=\"Article\"\n\t\t\t\tdata-counter-prefix=\"\"\n\t\t\t\tdata-counter-suffix=\"\"\n\t\t\t\t\t\t\t>Article<\/option>\n\t\t\t\t\t\t<option\n\t\t\t\tvalue=\"88\"\n\t\t\t\tdata-label=\"Chile\"\n\t\t\t\tdata-counter-prefix=\"\"\n\t\t\t\tdata-counter-suffix=\"\"\n\t\t\t\t\t\t\t>Chile<\/option>\n\t\t\t\t\t\t<option\n\t\t\t\tvalue=\"108\"\n\t\t\t\tdata-label=\"Colombia\"\n\t\t\t\tdata-counter-prefix=\"\"\n\t\t\t\tdata-counter-suffix=\"\"\n\t\t\t\t\t\t\t>Colombia<\/option>\n\t\t\t\t\t\t<option\n\t\t\t\tvalue=\"83\"\n\t\t\t\tdata-label=\"Democracy and Justice\"\n\t\t\t\tdata-counter-prefix=\"\"\n\t\t\t\tdata-counter-suffix=\"\"\n\t\t\t\t\t\t\t>Democracy and Justice<\/option>\n\t\t\t\t\t\t<option\n\t\t\t\tvalue=\"65\"\n\t\t\t\tdata-label=\"Education and childhood\"\n\t\t\t\tdata-counter-prefix=\"\"\n\t\t\t\tdata-counter-suffix=\"\"\n\t\t\t\t\t\t\t>Education and childhood<\/option>\n\t\t\t\t\t\t<option\n\t\t\t\tvalue=\"78\"\n\t\t\t\tdata-label=\"Environment and climate justice\"\n\t\t\t\tdata-counter-prefix=\"\"\n\t\t\t\tdata-counter-suffix=\"\"\n\t\t\t\t\t\t\t>Environment and climate justice<\/option>\n\t\t\t\t\t\t<option\n\t\t\t\tvalue=\"100\"\n\t\t\t\tdata-label=\"Home\"\n\t\t\t\tdata-counter-prefix=\"\"\n\t\t\t\tdata-counter-suffix=\"\"\n\t\t\t\t\t\t\t>Home<\/option>\n\t\t\t\t\t\t<option\n\t\t\t\tvalue=\"71\"\n\t\t\t\tdata-label=\"Management report\"\n\t\t\t\tdata-counter-prefix=\"\"\n\t\t\t\tdata-counter-suffix=\"\"\n\t\t\t\t\t\t\t>Management report<\/option>\n\t\t\t\t\t\t<option\n\t\t\t\tvalue=\"80\"\n\t\t\t\tdata-label=\"Media literacy, misinformation and polarization\"\n\t\t\t\tdata-counter-prefix=\"\"\n\t\t\t\tdata-counter-suffix=\"\"\n\t\t\t\t\t\t\t>Media literacy, misinformation and polarization<\/option>\n\t\t\t\t\t\t<option\n\t\t\t\tvalue=\"86\"\n\t\t\t\tdata-label=\"Mexico\"\n\t\t\t\tdata-counter-prefix=\"\"\n\t\t\t\tdata-counter-suffix=\"\"\n\t\t\t\t\t\t\t>Mexico<\/option>\n\t\t\t\t\t\t<option\n\t\t\t\tvalue=\"64\"\n\t\t\t\tdata-label=\"Migration and integration\"\n\t\t\t\tdata-counter-prefix=\"\"\n\t\t\t\tdata-counter-suffix=\"\"\n\t\t\t\t\t\t\t>Migration and integration<\/option>\n\t\t\t\t\t\t<option\n\t\t\t\tvalue=\"77\"\n\t\t\t\tdata-label=\"Mobilization and collaborative leadership\"\n\t\t\t\tdata-counter-prefix=\"\"\n\t\t\t\tdata-counter-suffix=\"\"\n\t\t\t\t\t\t\t>Mobilization and collaborative leadership<\/option>\n\t\t\t\t\t\t<option\n\t\t\t\tvalue=\"72\"\n\t\t\t\tdata-label=\"New\"\n\t\t\t\tdata-counter-prefix=\"\"\n\t\t\t\tdata-counter-suffix=\"\"\n\t\t\t\t\t\t\t>New<\/option>\n\t\t\t\t\t\t<option\n\t\t\t\tvalue=\"74\"\n\t\t\t\tdata-label=\"Peace, reconciliation and human rights\"\n\t\t\t\tdata-counter-prefix=\"\"\n\t\t\t\tdata-counter-suffix=\"\"\n\t\t\t\t\t\t\t>Peace, reconciliation and human rights<\/option>\n\t\t\t\t\t\t<option\n\t\t\t\tvalue=\"1\"\n\t\t\t\tdata-label=\"Sin categorizar\"\n\t\t\t\tdata-counter-prefix=\"\"\n\t\t\t\tdata-counter-suffix=\"\"\n\t\t\t\t\t\t\t>Sin categorizar<\/option>\n\t\t\t\t\t\t<option\n\t\t\t\tvalue=\"87\"\n\t\t\t\tdata-label=\"South Africa\"\n\t\t\t\tdata-counter-prefix=\"\"\n\t\t\t\tdata-counter-suffix=\"\"\n\t\t\t\t\t\t\t>South Africa<\/option>\n\t\t\t<\/select>\n\t<\/div>\n<\/div><div class=\"jet-smart-filters-select jet-filter \" data-indexer-rule=\"show\" data-show-counter=\"\" data-change-counter=\"always\"><div class=\"jet-filter-label\">Category<\/div>\n<div class=\"jet-select\" data-query-type=\"meta_query\" data-query-var=\"area_trabajo_si_hay\" data-smart-filter=\"select\" data-filter-id=\"7821\" data-apply-type=\"ajax-reload\" data-content-provider=\"epro-loop-builder\" data-additional-providers=\"\" data-query-id=\"default\" data-active-label=\"Category\" data-layout-options=\"{&quot;show_label&quot;:true,&quot;display_options&quot;:{&quot;show_items_label&quot;:false,&quot;show_decorator&quot;:false,&quot;filter_image_size&quot;:&quot;full&quot;,&quot;show_counter&quot;:false}}\" data-query-var-suffix=\"compare-\">\n\t\t<\/div>\n<\/div><\/div><div class=\"apply-filters\">\n\t<button\n\t\ttype=\"button\"\n\t\tclass=\"apply-filters__button\"\n\t\t\t>Buscar <svg xmlns=\"http:\/\/www.w3.org\/2000\/svg\" viewBox=\"0 0 448 512\"><!--!Font Awesome Free 6.5.2 by @fontawesome - https:\/\/fontawesome.com License - https:\/\/fontawesome.com\/license\/free Copyright 2024 Fonticons, Inc.--><path d=\"M438.6 278.6c12.5-12.5 12.5-32.8 0-45.3l-160-160c-12.5-12.5-32.8-12.5-45.3 0s-12.5 32.8 0 45.3L338.8 224 32 224c-17.7 0-32 14.3-32 32s14.3 32 32 32l306.7 0L233.4 393.4c-12.5 12.5-12.5 32.8 0 45.3s32.8 12.5 45.3 0l160-160z\"\/><\/svg><\/button>\n<\/div>\t\t<\/div>\n\t\t\t\t<\/div>\n\t\t\t\t<div class=\"elementor-element elementor-element-91ee525 elementor-grid-1 elementor-grid-tablet-2 elementor-grid-mobile-1 elementor-widget elementor-widget-loop-grid\" data-id=\"91ee525\" data-element_type=\"widget\" data-settings=\"{&quot;template_id&quot;:7901,&quot;columns&quot;:1,&quot;_skin&quot;:&quot;post&quot;,&quot;columns_tablet&quot;:&quot;2&quot;,&quot;columns_mobile&quot;:&quot;1&quot;,&quot;edit_handle_selector&quot;:&quot;[data-elementor-type=\\&quot;loop-item\\&quot;]&quot;,&quot;row_gap&quot;:{&quot;unit&quot;:&quot;px&quot;,&quot;size&quot;:&quot;&quot;,&quot;sizes&quot;:[]},&quot;row_gap_tablet&quot;:{&quot;unit&quot;:&quot;px&quot;,&quot;size&quot;:&quot;&quot;,&quot;sizes&quot;:[]},&quot;row_gap_mobile&quot;:{&quot;unit&quot;:&quot;px&quot;,&quot;size&quot;:&quot;&quot;,&quot;sizes&quot;:[]}}\" data-widget_type=\"loop-grid.post\">\n\t\t\t\t<div class=\"elementor-widget-container\">\n\t\t\t<div class=\"elementor-loop-container\"><div class=\"jet-smart-filters-elementor-loop-no-result\">Sorry, nothing to see here...<\/div><\/div>\t\t<div class=\"e-loop-nothing-found-message\">\n\t\t<\/div>\n\t\t\t\t<\/div>\n\t\t\t\t<\/div>\n\t\t\t\t\t<\/div>\n\t\t\t\t<\/div>\n\t\t<div class=\"elementor-element elementor-element-be131f8 e-flex e-con-boxed e-con e-parent\" data-id=\"be131f8\" data-element_type=\"container\">\n\t\t\t\t\t<div class=\"e-con-inner\">\n\t\t\t\t<div class=\"elementor-element elementor-element-354f278 elementor-widget elementor-widget-gallery\" data-id=\"354f278\" data-element_type=\"widget\" data-settings=\"{&quot;lazyload&quot;:&quot;yes&quot;,&quot;gallery_layout&quot;:&quot;grid&quot;,&quot;columns&quot;:4,&quot;columns_tablet&quot;:2,&quot;columns_mobile&quot;:1,&quot;gap&quot;:{&quot;unit&quot;:&quot;px&quot;,&quot;size&quot;:10,&quot;sizes&quot;:[]},&quot;gap_tablet&quot;:{&quot;unit&quot;:&quot;px&quot;,&quot;size&quot;:10,&quot;sizes&quot;:[]},&quot;gap_mobile&quot;:{&quot;unit&quot;:&quot;px&quot;,&quot;size&quot;:10,&quot;sizes&quot;:[]},&quot;link_to&quot;:&quot;file&quot;,&quot;aspect_ratio&quot;:&quot;3:2&quot;,&quot;overlay_background&quot;:&quot;yes&quot;,&quot;content_hover_animation&quot;:&quot;fade-in&quot;}\" data-widget_type=\"gallery.default\">\n\t\t\t\t<div class=\"elementor-widget-container\">\n\t\t\t\t\t<div class=\"elementor-gallery__container\">\n\t\t\t\t\t\t\t<a class=\"e-gallery-item elementor-gallery-item elementor-animated-content\" href=\"https:\/\/movilizatorio.org\/wp-content\/uploads\/2024\/06\/WhatsApp-Image-2023-11-09-at-10.21.32-AM-1.jpg\" data-elementor-open-lightbox=\"yes\" data-elementor-lightbox-slideshow=\"354f278\" data-e-action-hash=\"#elementor-action%3Aaction%3Dlightbox%26settings%3DeyJpZCI6NjU1OCwidXJsIjoiaHR0cHM6XC9cL21vdmlsaXphdG9yaW8ub3JnXC93cC1jb250ZW50XC91cGxvYWRzXC8yMDI0XC8wNlwvV2hhdHNBcHAtSW1hZ2UtMjAyMy0xMS0wOS1hdC0xMC4yMS4zMi1BTS0xLmpwZyIsInNsaWRlc2hvdyI6IjM1NGYyNzgifQ%3D%3D\">\n\t\t\t\t\t<div class=\"e-gallery-image elementor-gallery-item__image\" data-thumbnail=\"https:\/\/movilizatorio.org\/wp-content\/uploads\/2024\/06\/WhatsApp-Image-2023-11-09-at-10.21.32-AM-1.jpg\" data-width=\"1000\" data-height=\"750\" aria-label=\"\" role=\"img\" ><\/div>\n\t\t\t\t\t\t\t\t\t\t\t<div class=\"elementor-gallery-item__overlay\"><\/div>\n\t\t\t\t\t\t\t\t\t\t\t\t\t\t<\/a>\n\t\t\t\t\t\t\t<a class=\"e-gallery-item elementor-gallery-item elementor-animated-content\" href=\"https:\/\/movilizatorio.org\/wp-content\/uploads\/2024\/06\/WhatsApp-Image-2023-11-09-at-10.21.32-AM-2.jpg\" data-elementor-open-lightbox=\"yes\" data-elementor-lightbox-slideshow=\"354f278\" data-e-action-hash=\"#elementor-action%3Aaction%3Dlightbox%26settings%3DeyJpZCI6NjU1OSwidXJsIjoiaHR0cHM6XC9cL21vdmlsaXphdG9yaW8ub3JnXC93cC1jb250ZW50XC91cGxvYWRzXC8yMDI0XC8wNlwvV2hhdHNBcHAtSW1hZ2UtMjAyMy0xMS0wOS1hdC0xMC4yMS4zMi1BTS0yLmpwZyIsInNsaWRlc2hvdyI6IjM1NGYyNzgifQ%3D%3D\">\n\t\t\t\t\t<div class=\"e-gallery-image elementor-gallery-item__image\" data-thumbnail=\"https:\/\/movilizatorio.org\/wp-content\/uploads\/2024\/06\/WhatsApp-Image-2023-11-09-at-10.21.32-AM-2.jpg\" data-width=\"1000\" data-height=\"750\" aria-label=\"\" role=\"img\" ><\/div>\n\t\t\t\t\t\t\t\t\t\t\t<div class=\"elementor-gallery-item__overlay\"><\/div>\n\t\t\t\t\t\t\t\t\t\t\t\t\t\t<\/a>\n\t\t\t\t\t\t\t<a class=\"e-gallery-item elementor-gallery-item elementor-animated-content\" href=\"https:\/\/movilizatorio.org\/wp-content\/uploads\/2024\/06\/WhatsApp-Image-2023-11-09-at-10.21.32-AM.jpg\" data-elementor-open-lightbox=\"yes\" data-elementor-lightbox-slideshow=\"354f278\" data-e-action-hash=\"#elementor-action%3Aaction%3Dlightbox%26settings%3DeyJpZCI6NjU2MCwidXJsIjoiaHR0cHM6XC9cL21vdmlsaXphdG9yaW8ub3JnXC93cC1jb250ZW50XC91cGxvYWRzXC8yMDI0XC8wNlwvV2hhdHNBcHAtSW1hZ2UtMjAyMy0xMS0wOS1hdC0xMC4yMS4zMi1BTS5qcGciLCJzbGlkZXNob3ciOiIzNTRmMjc4In0%3D\">\n\t\t\t\t\t<div class=\"e-gallery-image elementor-gallery-item__image\" data-thumbnail=\"https:\/\/movilizatorio.org\/wp-content\/uploads\/2024\/06\/WhatsApp-Image-2023-11-09-at-10.21.32-AM.jpg\" data-width=\"750\" data-height=\"1000\" aria-label=\"\" role=\"img\" ><\/div>\n\t\t\t\t\t\t\t\t\t\t\t<div class=\"elementor-gallery-item__overlay\"><\/div>\n\t\t\t\t\t\t\t\t\t\t\t\t\t\t<\/a>\n\t\t\t\t\t\t\t<a class=\"e-gallery-item elementor-gallery-item elementor-animated-content\" href=\"https:\/\/movilizatorio.org\/wp-content\/uploads\/2024\/06\/WhatsApp-Image-2023-11-09-at-10.21.33-AM-1.jpg\" data-elementor-open-lightbox=\"yes\" data-elementor-lightbox-slideshow=\"354f278\" data-e-action-hash=\"#elementor-action%3Aaction%3Dlightbox%26settings%3DeyJpZCI6NjU2MSwidXJsIjoiaHR0cHM6XC9cL21vdmlsaXphdG9yaW8ub3JnXC93cC1jb250ZW50XC91cGxvYWRzXC8yMDI0XC8wNlwvV2hhdHNBcHAtSW1hZ2UtMjAyMy0xMS0wOS1hdC0xMC4yMS4zMy1BTS0xLmpwZyIsInNsaWRlc2hvdyI6IjM1NGYyNzgifQ%3D%3D\">\n\t\t\t\t\t<div class=\"e-gallery-image elementor-gallery-item__image\" data-thumbnail=\"https:\/\/movilizatorio.org\/wp-content\/uploads\/2024\/06\/WhatsApp-Image-2023-11-09-at-10.21.33-AM-1.jpg\" data-width=\"1000\" data-height=\"750\" aria-label=\"\" role=\"img\" ><\/div>\n\t\t\t\t\t\t\t\t\t\t\t<div class=\"elementor-gallery-item__overlay\"><\/div>\n\t\t\t\t\t\t\t\t\t\t\t\t\t\t<\/a>\n\t\t\t\t\t\t\t<a class=\"e-gallery-item elementor-gallery-item elementor-animated-content\" href=\"https:\/\/movilizatorio.org\/wp-content\/uploads\/2024\/06\/WhatsApp-Image-2023-11-09-at-10.21.33-AM-2.jpg\" data-elementor-open-lightbox=\"yes\" data-elementor-lightbox-slideshow=\"354f278\" data-e-action-hash=\"#elementor-action%3Aaction%3Dlightbox%26settings%3DeyJpZCI6NjU2MiwidXJsIjoiaHR0cHM6XC9cL21vdmlsaXphdG9yaW8ub3JnXC93cC1jb250ZW50XC91cGxvYWRzXC8yMDI0XC8wNlwvV2hhdHNBcHAtSW1hZ2UtMjAyMy0xMS0wOS1hdC0xMC4yMS4zMy1BTS0yLmpwZyIsInNsaWRlc2hvdyI6IjM1NGYyNzgifQ%3D%3D\">\n\t\t\t\t\t<div class=\"e-gallery-image elementor-gallery-item__image\" data-thumbnail=\"https:\/\/movilizatorio.org\/wp-content\/uploads\/2024\/06\/WhatsApp-Image-2023-11-09-at-10.21.33-AM-2.jpg\" data-width=\"1000\" data-height=\"603\" aria-label=\"\" role=\"img\" ><\/div>\n\t\t\t\t\t\t\t\t\t\t\t<div class=\"elementor-gallery-item__overlay\"><\/div>\n\t\t\t\t\t\t\t\t\t\t\t\t\t\t<\/a>\n\t\t\t\t\t\t\t<a class=\"e-gallery-item elementor-gallery-item elementor-animated-content\" href=\"https:\/\/movilizatorio.org\/wp-content\/uploads\/2024\/06\/WhatsApp-Image-2023-11-09-at-10.21.33-AM-3.jpg\" data-elementor-open-lightbox=\"yes\" data-elementor-lightbox-slideshow=\"354f278\" data-e-action-hash=\"#elementor-action%3Aaction%3Dlightbox%26settings%3DeyJpZCI6NjU2MywidXJsIjoiaHR0cHM6XC9cL21vdmlsaXphdG9yaW8ub3JnXC93cC1jb250ZW50XC91cGxvYWRzXC8yMDI0XC8wNlwvV2hhdHNBcHAtSW1hZ2UtMjAyMy0xMS0wOS1hdC0xMC4yMS4zMy1BTS0zLmpwZyIsInNsaWRlc2hvdyI6IjM1NGYyNzgifQ%3D%3D\">\n\t\t\t\t\t<div class=\"e-gallery-image elementor-gallery-item__image\" data-thumbnail=\"https:\/\/movilizatorio.org\/wp-content\/uploads\/2024\/06\/WhatsApp-Image-2023-11-09-at-10.21.33-AM-3.jpg\" data-width=\"1000\" data-height=\"562\" aria-label=\"\" role=\"img\" ><\/div>\n\t\t\t\t\t\t\t\t\t\t\t<div class=\"elementor-gallery-item__overlay\"><\/div>\n\t\t\t\t\t\t\t\t\t\t\t\t\t\t<\/a>\n\t\t\t\t\t\t\t<a class=\"e-gallery-item elementor-gallery-item elementor-animated-content\" href=\"https:\/\/movilizatorio.org\/wp-content\/uploads\/2024\/06\/WhatsApp-Image-2023-11-09-at-10.21.33-AM.jpg\" data-elementor-open-lightbox=\"yes\" data-elementor-lightbox-slideshow=\"354f278\" data-e-action-hash=\"#elementor-action%3Aaction%3Dlightbox%26settings%3DeyJpZCI6NjU2NCwidXJsIjoiaHR0cHM6XC9cL21vdmlsaXphdG9yaW8ub3JnXC93cC1jb250ZW50XC91cGxvYWRzXC8yMDI0XC8wNlwvV2hhdHNBcHAtSW1hZ2UtMjAyMy0xMS0wOS1hdC0xMC4yMS4zMy1BTS5qcGciLCJzbGlkZXNob3ciOiIzNTRmMjc4In0%3D\">\n\t\t\t\t\t<div class=\"e-gallery-image elementor-gallery-item__image\" data-thumbnail=\"https:\/\/movilizatorio.org\/wp-content\/uploads\/2024\/06\/WhatsApp-Image-2023-11-09-at-10.21.33-AM.jpg\" data-width=\"750\" data-height=\"1000\" aria-label=\"\" role=\"img\" ><\/div>\n\t\t\t\t\t\t\t\t\t\t\t<div class=\"elementor-gallery-item__overlay\"><\/div>\n\t\t\t\t\t\t\t\t\t\t\t\t\t\t<\/a>\n\t\t\t\t\t\t\t<a class=\"e-gallery-item elementor-gallery-item elementor-animated-content\" href=\"https:\/\/movilizatorio.org\/wp-content\/uploads\/2024\/06\/WhatsApp-Image-2023-11-09-at-10.23.19-AM.jpg\" data-elementor-open-lightbox=\"yes\" data-elementor-lightbox-slideshow=\"354f278\" data-e-action-hash=\"#elementor-action%3Aaction%3Dlightbox%26settings%3DeyJpZCI6NjU2NSwidXJsIjoiaHR0cHM6XC9cL21vdmlsaXphdG9yaW8ub3JnXC93cC1jb250ZW50XC91cGxvYWRzXC8yMDI0XC8wNlwvV2hhdHNBcHAtSW1hZ2UtMjAyMy0xMS0wOS1hdC0xMC4yMy4xOS1BTS5qcGciLCJzbGlkZXNob3ciOiIzNTRmMjc4In0%3D\">\n\t\t\t\t\t<div class=\"e-gallery-image elementor-gallery-item__image\" data-thumbnail=\"https:\/\/movilizatorio.org\/wp-content\/uploads\/2024\/06\/WhatsApp-Image-2023-11-09-at-10.23.19-AM.jpg\" data-width=\"1000\" data-height=\"609\" aria-label=\"\" role=\"img\" ><\/div>\n\t\t\t\t\t\t\t\t\t\t\t<div class=\"elementor-gallery-item__overlay\"><\/div>\n\t\t\t\t\t\t\t\t\t\t\t\t\t\t<\/a>\n\t\t\t\t\t<\/div>\n\t\t\t<\/div>\n\t\t\t\t<\/div>\n\t\t\t\t\t<\/div>\n\t\t\t\t<\/div>\n\t\t\t\t<\/div>\n\t\t","protected":false},"excerpt":{"rendered":"<p>Open opportunities Be part of the place where brave and brilliant ideas become reality. #TrabajoS\u00edHay Lugar SeleccioneChileEspa\u00f1aM\u00e9xicoSud\u00e1frica Categor\u00eda \u00c1reaProyectosAlianzasAdministrativoComunicacionesDise\u00f1oConvocatoriasFormacionesVoluntariadoOtro Buscar<\/p>\n","protected":false},"author":1,"featured_media":0,"parent":0,"menu_order":0,"comment_status":"closed","ping_status":"closed","template":"","meta":{"_acf_changed":false,"footnotes":""},"class_list":["post-7715","page","type-page","status-publish","hentry"],"acf":[],"aioseo_notices":[],"_links":{"self":[{"href":"https:\/\/movilizatorio.org\/en\/wp-json\/wp\/v2\/pages\/7715","targetHints":{"allow":["GET"]}}],"collection":[{"href":"https:\/\/movilizatorio.org\/en\/wp-json\/wp\/v2\/pages"}],"about":[{"href":"https:\/\/movilizatorio.org\/en\/wp-json\/wp\/v2\/types\/page"}],"author":[{"embeddable":true,"href":"https:\/\/movilizatorio.org\/en\/wp-json\/wp\/v2\/users\/1"}],"replies":[{"embeddable":true,"href":"https:\/\/movilizatorio.org\/en\/wp-json\/wp\/v2\/comments?post=7715"}],"version-history":[{"count":3,"href":"https:\/\/movilizatorio.org\/en\/wp-json\/wp\/v2\/pages\/7715\/revisions"}],"predecessor-version":[{"id":7732,"href":"https:\/\/movilizatorio.org\/en\/wp-json\/wp\/v2\/pages\/7715\/revisions\/7732"}],"wp:attachment":[{"href":"https:\/\/movilizatorio.org\/en\/wp-json\/wp\/v2\/media?parent=7715"}],"curies":[{"name":"wp","href":"https:\/\/api.w.org\/{rel}","templated":true}]}}